{"id":3160,"date":"2025-09-18T07:49:06","date_gmt":"2025-09-18T07:49:06","guid":{"rendered":"https:\/\/www.evataylor.eu\/uebersetzungen\/"},"modified":"2025-11-08T13:29:07","modified_gmt":"2025-11-08T13:29:07","slug":"et_uebersetzt","status":"publish","type":"page","link":"https:\/\/www.evataylor.eu\/de\/et_uebersetzt\/","title":{"rendered":"Eva Taylor \u00fcbersetzt"},"content":{"rendered":"<p><div class=\"fusion-fullwidth fullwidth-box fusion-builder-row-1 fusion-flex-container has-pattern-background has-mask-background nonhundred-percent-fullwidth non-hundred-percent-height-scrolling\" style=\"--awb-border-radius-top-left:0px;--awb-border-radius-top-right:0px;--awb-border-radius-bottom-right:0px;--awb-border-radius-bottom-left:0px;--awb-background-color:var(--awb-color1);--awb-flex-wrap:wrap;\" ><div class=\"fusion-builder-row fusion-row fusion-flex-align-items-flex-start fusion-flex-content-wrap\" style=\"max-width:1216.8px;margin-left: calc(-4% \/ 2 );margin-right: calc(-4% \/ 2 );\"><div class=\"fusion-layout-column fusion_builder_column fusion-builder-column-0 fusion_builder_column_1_2 1_2 fusion-flex-column\" style=\"--awb-bg-size:cover;--awb-width-large:50%;--awb-margin-top-large:0px;--awb-spacing-right-large:3.84%;--awb-margin-bottom-large:20px;--awb-spacing-left-large:10.56%;--awb-width-medium:100%;--awb-order-medium:0;--awb-spacing-right-medium:1.92%;--awb-spacing-left-medium:1.92%;--awb-width-small:100%;--awb-order-small:0;--awb-spacing-right-small:1.92%;--awb-spacing-left-small:1.92%;\"><div class=\"fusion-column-wrapper fusion-column-has-shadow fusion-flex-justify-content-flex-start fusion-content-layout-column\"><div class=\"fusion-text fusion-text-1\"><h1><strong>Englisch<\/strong><\/h1>\n<p><a href=\"https:\/\/www.catranslation.org\/person\/olivia-e-sears\/\">Olivia Sears<\/a>:<\/p>\n<p><a href=\"https:\/\/wordswithoutborders.org\/contributors\/view\/olivia-e-sears\/\">Lyrik<\/a><\/p>\n<p>Olivia Sears:<\/p>\n<p>Prosa<\/p>\n<p><a href=\"https:\/\/www.newpages.com\/blog\/magazines\/magazine-stand\/newpages-magazine-stand-the-literary-review\/\">The Literary Review<\/a><\/p>\n<p><a href=\"https:\/\/www.arkint.org\/magazine\/eva-taylor\"><strong>https:\/\/www.arkint.org\/magazine\/eva-taylor<\/strong><\/a><\/p>\n<div class=\"video-shortcode\">\n<blockquote class=\"wp-embedded-content\" data-secret=\"vR8s4W9xj1\">\n<p><a href=\"https:\/\/www.theantonymmag.com\/miwepa-eva-taylor\/\">Miwepa\u2014 Eva Taylor<\/a><\/p>\n<\/blockquote>\n<p><iframe class=\"wp-embedded-content\" sandbox=\"allow-scripts\" security=\"restricted\" style=\"position: absolute; visibility: hidden;\" title=\"&#8220;Miwepa\u2014 Eva Taylor&#8221; &#8212; The Antonym\" src=\"https:\/\/www.theantonymmag.com\/miwepa-eva-taylor\/embed\/#?secret=uhM1mEOh6G#?secret=vR8s4W9xj1\" data-secret=\"vR8s4W9xj1\" width=\"600\" height=\"338\" frameborder=\"0\" marginwidth=\"0\" marginheight=\"0\" scrolling=\"no\"><\/iframe><\/div>\n<p>&nbsp;<\/p>\n<p>Gespr\u00e4ch von Taylor und Sears zum Thema \u00dcbersetzung und Selbst\u00fcbersetzung<\/p>\n<p>&nbsp;<\/p>\n<\/div><div class=\"fusion-video fusion-youtube\" style=\"--awb-max-width:600px;--awb-max-height:360px;\"><div class=\"video-shortcode\"><lite-youtube videoid=\"IAs9-suK67M\" class=\"landscape\" params=\"wmode=transparent&autoplay=1&enablejsapi=1\" title=\"YouTube video player 1\" data-button-label=\"Play Video\" width=\"600\" height=\"360\" data-thumbnail-size=\"auto\" data-no-cookie=\"on\"><\/lite-youtube><\/div><\/div><\/div><\/div><div class=\"fusion-layout-column fusion_builder_column fusion-builder-column-1 fusion_builder_column_1_2 1_2 fusion-flex-column\" style=\"--awb-bg-size:cover;--awb-width-large:50%;--awb-margin-top-large:0px;--awb-spacing-right-large:3.84%;--awb-margin-bottom-large:20px;--awb-spacing-left-large:3.84%;--awb-width-medium:100%;--awb-order-medium:0;--awb-spacing-right-medium:1.92%;--awb-spacing-left-medium:1.92%;--awb-width-small:100%;--awb-order-small:0;--awb-spacing-right-small:1.92%;--awb-spacing-left-small:1.92%;\"><div class=\"fusion-column-wrapper fusion-column-has-shadow fusion-flex-justify-content-flex-start fusion-content-layout-column\"><div class=\"fusion-text fusion-text-2\"><h1><strong>Franz\u00f6sisch<\/strong><\/h1>\n<p><strong>g_arguments<\/strong><\/p>\n<p><strong>Eva Taylor, <em>Arguments pointus<\/em> <\/strong><\/p>\n<p>Mia Lecomte<\/p>\n<p><a href=\"https:\/\/www.recoursaupoeme.fr\/amont-devers-troisieme-livraison\/\">https:\/\/www.recoursaupoeme.fr\/amont-devers-troisieme-livraison\/<\/a><\/p>\n<p>&nbsp;<\/p>\n<p>&nbsp;<\/p>\n<\/div><\/div><\/div><\/div><\/div><div class=\"fusion-fullwidth fullwidth-box fusion-builder-row-2 fusion-flex-container has-pattern-background has-mask-background nonhundred-percent-fullwidth non-hundred-percent-height-scrolling\" style=\"--awb-border-radius-top-left:0px;--awb-border-radius-top-right:0px;--awb-border-radius-bottom-right:0px;--awb-border-radius-bottom-left:0px;--awb-background-color:var(--awb-color1);--awb-flex-wrap:wrap;\" ><div class=\"fusion-builder-row fusion-row fusion-flex-align-items-flex-start fusion-flex-content-wrap\" style=\"max-width:1216.8px;margin-left: calc(-4% \/ 2 );margin-right: calc(-4% \/ 2 );\"><div class=\"fusion-layout-column fusion_builder_column fusion-builder-column-2 fusion_builder_column_1_1 1_1 fusion-flex-column\" style=\"--awb-padding-left:42px;--awb-bg-size:cover;--awb-width-large:100%;--awb-margin-top-large:0px;--awb-spacing-right-large:1.92%;--awb-margin-bottom-large:20px;--awb-spacing-left-large:1.92%;--awb-width-medium:100%;--awb-order-medium:0;--awb-spacing-right-medium:1.92%;--awb-spacing-left-medium:1.92%;--awb-width-small:100%;--awb-order-small:0;--awb-spacing-right-small:1.92%;--awb-spacing-left-small:1.92%;\"><div class=\"fusion-column-wrapper fusion-column-has-shadow fusion-flex-justify-content-flex-start fusion-content-layout-column\"><div class=\"fusion-text fusion-text-3\"><h1 class=\"paragraphstyle7\" style=\"line-height: 13.5pt;\">Valencianisch<\/h1>\n<p>Tinc dues boques<br \/>\namb una parle<br \/>\namb l&#8217;altra sagne.<br \/>\nAquest mat\u00ed he triat el pintallavis m\u00e9s vermell<br \/>\nper cobrir el rastre de sang.<br \/>\nM&#8217;has mirat i m&#8217;has dit:<br \/>\nest\u00e0s guapa<\/p>\n<p>(versi\u00f3 de\/traduzione di Begonya Pozo)<\/p>\n<\/div><\/div><\/div><\/div><\/div><\/p>\n","protected":false},"excerpt":{"rendered":"","protected":false},"author":1,"featured_media":0,"parent":0,"menu_order":0,"comment_status":"closed","ping_status":"closed","template":"","meta":{"footnotes":""},"class_list":["post-3160","page","type-page","status-publish","hentry"],"yoast_head":"<!-- This site is optimized with the Yoast SEO plugin v26.7 - https:\/\/yoast.com\/wordpress\/plugins\/seo\/ -->\n<title>Eva Taylor \u00fcbersetzt - Eva Taylor<\/title>\n<meta name=\"robots\" content=\"index, follow, max-snippet:-1, max-image-preview:large, max-video-preview:-1\" \/>\n<link rel=\"canonical\" href=\"https:\/\/www.evataylor.eu\/de\/et_uebersetzt\/\" \/>\n<meta property=\"og:locale\" content=\"de_DE\" \/>\n<meta property=\"og:type\" content=\"article\" \/>\n<meta property=\"og:title\" content=\"Eva Taylor \u00fcbersetzt - Eva Taylor\" \/>\n<meta property=\"og:url\" content=\"https:\/\/www.evataylor.eu\/de\/et_uebersetzt\/\" \/>\n<meta property=\"og:site_name\" content=\"Eva Taylor\" \/>\n<meta property=\"article:modified_time\" content=\"2025-11-08T13:29:07+00:00\" \/>\n<meta name=\"twitter:card\" content=\"summary_large_image\" \/>\n<meta name=\"twitter:label1\" content=\"Gesch\u00e4tzte Lesezeit\" \/>\n\t<meta name=\"twitter:data1\" content=\"1\u00a0Minute\" \/>\n<script type=\"application\/ld+json\" class=\"yoast-schema-graph\">{\"@context\":\"https:\/\/schema.org\",\"@graph\":[{\"@type\":\"WebPage\",\"@id\":\"https:\/\/www.evataylor.eu\/de\/et_uebersetzt\/\",\"url\":\"https:\/\/www.evataylor.eu\/de\/et_uebersetzt\/\",\"name\":\"Eva Taylor \u00fcbersetzt - Eva Taylor\",\"isPartOf\":{\"@id\":\"https:\/\/www.evataylor.eu\/#website\"},\"datePublished\":\"2025-09-18T07:49:06+00:00\",\"dateModified\":\"2025-11-08T13:29:07+00:00\",\"breadcrumb\":{\"@id\":\"https:\/\/www.evataylor.eu\/de\/et_uebersetzt\/#breadcrumb\"},\"inLanguage\":\"de\",\"potentialAction\":[{\"@type\":\"ReadAction\",\"target\":[\"https:\/\/www.evataylor.eu\/de\/et_uebersetzt\/\"]}]},{\"@type\":\"BreadcrumbList\",\"@id\":\"https:\/\/www.evataylor.eu\/de\/et_uebersetzt\/#breadcrumb\",\"itemListElement\":[{\"@type\":\"ListItem\",\"position\":1,\"name\":\"Home\",\"item\":\"https:\/\/www.evataylor.eu\/de\/\"},{\"@type\":\"ListItem\",\"position\":2,\"name\":\"Eva Taylor \u00fcbersetzt\"}]},{\"@type\":\"WebSite\",\"@id\":\"https:\/\/www.evataylor.eu\/#website\",\"url\":\"https:\/\/www.evataylor.eu\/\",\"name\":\"Eva Taylor\",\"description\":\"\",\"potentialAction\":[{\"@type\":\"SearchAction\",\"target\":{\"@type\":\"EntryPoint\",\"urlTemplate\":\"https:\/\/www.evataylor.eu\/?s={search_term_string}\"},\"query-input\":{\"@type\":\"PropertyValueSpecification\",\"valueRequired\":true,\"valueName\":\"search_term_string\"}}],\"inLanguage\":\"de\"}]}<\/script>\n<!-- \/ Yoast SEO plugin. -->","yoast_head_json":{"title":"Eva Taylor \u00fcbersetzt - Eva Taylor","robots":{"index":"index","follow":"follow","max-snippet":"max-snippet:-1","max-image-preview":"max-image-preview:large","max-video-preview":"max-video-preview:-1"},"canonical":"https:\/\/www.evataylor.eu\/de\/et_uebersetzt\/","og_locale":"de_DE","og_type":"article","og_title":"Eva Taylor \u00fcbersetzt - Eva Taylor","og_url":"https:\/\/www.evataylor.eu\/de\/et_uebersetzt\/","og_site_name":"Eva Taylor","article_modified_time":"2025-11-08T13:29:07+00:00","twitter_card":"summary_large_image","twitter_misc":{"Gesch\u00e4tzte Lesezeit":"1\u00a0Minute"},"schema":{"@context":"https:\/\/schema.org","@graph":[{"@type":"WebPage","@id":"https:\/\/www.evataylor.eu\/de\/et_uebersetzt\/","url":"https:\/\/www.evataylor.eu\/de\/et_uebersetzt\/","name":"Eva Taylor \u00fcbersetzt - Eva Taylor","isPartOf":{"@id":"https:\/\/www.evataylor.eu\/#website"},"datePublished":"2025-09-18T07:49:06+00:00","dateModified":"2025-11-08T13:29:07+00:00","breadcrumb":{"@id":"https:\/\/www.evataylor.eu\/de\/et_uebersetzt\/#breadcrumb"},"inLanguage":"de","potentialAction":[{"@type":"ReadAction","target":["https:\/\/www.evataylor.eu\/de\/et_uebersetzt\/"]}]},{"@type":"BreadcrumbList","@id":"https:\/\/www.evataylor.eu\/de\/et_uebersetzt\/#breadcrumb","itemListElement":[{"@type":"ListItem","position":1,"name":"Home","item":"https:\/\/www.evataylor.eu\/de\/"},{"@type":"ListItem","position":2,"name":"Eva Taylor \u00fcbersetzt"}]},{"@type":"WebSite","@id":"https:\/\/www.evataylor.eu\/#website","url":"https:\/\/www.evataylor.eu\/","name":"Eva Taylor","description":"","potentialAction":[{"@type":"SearchAction","target":{"@type":"EntryPoint","urlTemplate":"https:\/\/www.evataylor.eu\/?s={search_term_string}"},"query-input":{"@type":"PropertyValueSpecification","valueRequired":true,"valueName":"search_term_string"}}],"inLanguage":"de"}]}},"_links":{"self":[{"href":"https:\/\/www.evataylor.eu\/de\/wp-json\/wp\/v2\/pages\/3160","targetHints":{"allow":["GET"]}}],"collection":[{"href":"https:\/\/www.evataylor.eu\/de\/wp-json\/wp\/v2\/pages"}],"about":[{"href":"https:\/\/www.evataylor.eu\/de\/wp-json\/wp\/v2\/types\/page"}],"author":[{"embeddable":true,"href":"https:\/\/www.evataylor.eu\/de\/wp-json\/wp\/v2\/users\/1"}],"replies":[{"embeddable":true,"href":"https:\/\/www.evataylor.eu\/de\/wp-json\/wp\/v2\/comments?post=3160"}],"version-history":[{"count":5,"href":"https:\/\/www.evataylor.eu\/de\/wp-json\/wp\/v2\/pages\/3160\/revisions"}],"predecessor-version":[{"id":3625,"href":"https:\/\/www.evataylor.eu\/de\/wp-json\/wp\/v2\/pages\/3160\/revisions\/3625"}],"wp:attachment":[{"href":"https:\/\/www.evataylor.eu\/de\/wp-json\/wp\/v2\/media?parent=3160"}],"curies":[{"name":"wp","href":"https:\/\/api.w.org\/{rel}","templated":true}]}}